{"id":1034,"date":"2021-01-22T13:26:37","date_gmt":"2021-01-22T10:26:37","guid":{"rendered":"http:\/\/2stekstil.com\/kurumsal\/"},"modified":"2021-01-25T01:28:05","modified_gmt":"2021-01-24T22:28:05","slug":"corporate","status":"publish","type":"page","link":"https:\/\/www.2stekstil.com\/en\/corporate\/","title":{"rendered":"Corporate"},"content":{"rendered":"<div class=\"fusion-fullwidth fullwidth-box fusion-builder-row-1 fusion-flex-container nonhundred-percent-fullwidth non-hundred-percent-height-scrolling\" style=\"--awb-border-radius-top-left:0px;--awb-border-radius-top-right:0px;--awb-border-radius-bottom-right:0px;--awb-border-radius-bottom-left:0px;--awb-flex-wrap:wrap;\" ><div class=\"fusion-builder-row fusion-row fusion-flex-align-items-flex-start fusion-flex-content-wrap\" style=\"max-width:1352px;margin-left: calc(-4% \/ 2 );margin-right: calc(-4% \/ 2 );\"><div class=\"fusion-layout-column fusion_builder_column fusion-builder-column-0 fusion_builder_column_1_2 1_2 fusion-flex-column\" style=\"--awb-bg-size:cover;--awb-width-large:50%;--awb-margin-top-large:0px;--awb-spacing-right-large:3.84%;--awb-margin-bottom-large:20px;--awb-spacing-left-large:3.84%;--awb-width-medium:100%;--awb-order-medium:0;--awb-spacing-right-medium:1.92%;--awb-spacing-left-medium:1.92%;--awb-width-small:100%;--awb-order-small:0;--awb-spacing-right-small:1.92%;--awb-spacing-left-small:1.92%;\"><div class=\"fusion-column-wrapper fusion-column-has-shadow fusion-flex-justify-content-flex-start fusion-content-layout-column\"><div class=\"fusion-text fusion-text-1\"><p>Mr.Osman \u00dc\u00e7e\u015f, the third generation of a textile family, started his business life in 2008 in \u0130stanbul,Turkey. In the 1900s, the family started the wholesale and retail domestic fabric trade under the leadership of his grandfather, the late Mr.Mehmet \u00dc\u00e7e\u015f.<\/p>\n<p>For 2S Textile, quality always comes first. The company maintains high quality standards across its wide range of domestic and imported items all textile fabric product groups; Garment fabric, medical fabric and upholstery fabric.<\/p>\n<p>Since its establishment, the company has a great track record when it comes to offering the finest quality and satisfaction to customers and constantly reinventing itself over the years. The company continues to partner with leading brands in Turkey and this ongoing cooperation has created new business opportunities, led to greater innovation and positioned Roder as one of the leaders in the local and international markets.<\/p>\n<p>Our company aims to be a reliable fabric supplier that our customers prefer, by providing quality and excellence in all our products. At the same time, the company continues to follow the latest developments in the Textile world and 2S textile aims to serve the whole world with its dynamic team . Our main principle is maximizing customer satisfaction and focusing on customer relations based on quality and trust. Our company aims to be the preferred fabric supplier of our customers by providing them with an excellent product quality and a rich product collection and we continue to make every effort to achieve and maintain this superior quality.<\/p>\n<\/div><\/div><\/div><div class=\"fusion-layout-column fusion_builder_column fusion-builder-column-1 fusion_builder_column_1_2 1_2 fusion-flex-column\" style=\"--awb-bg-size:cover;--awb-width-large:50%;--awb-margin-top-large:0px;--awb-spacing-right-large:3.84%;--awb-margin-bottom-large:20px;--awb-spacing-left-large:3.84%;--awb-width-medium:100%;--awb-order-medium:0;--awb-spacing-right-medium:1.92%;--awb-spacing-left-medium:1.92%;--awb-width-small:100%;--awb-order-small:0;--awb-spacing-right-small:1.92%;--awb-spacing-left-small:1.92%;\"><div class=\"fusion-column-wrapper fusion-column-has-shadow fusion-flex-justify-content-flex-start fusion-content-layout-column\"><div class=\"fusion-image-element \" style=\"--awb-caption-title-font-family:var(--h2_typography-font-family);--awb-caption-title-font-weight:var(--h2_typography-font-weight);--awb-caption-title-font-style:var(--h2_typography-font-style);--awb-caption-title-size:var(--h2_typography-font-size);--awb-caption-title-transform:var(--h2_typography-text-transform);--awb-caption-title-line-height:var(--h2_typography-line-height);--awb-caption-title-letter-spacing:var(--h2_typography-letter-spacing);\"><span class=\" fusion-imageframe imageframe-none imageframe-1 hover-type-none fusion-animated\" data-animationType=\"slideInRight\" data-animationDuration=\"0.3\" data-animationOffset=\"top-into-view\"><img decoding=\"async\" width=\"700\" height=\"900\" title=\"hakkimizda\" src=\"https:\/\/www.2stekstil.com\/wp-content\/uploads\/2021\/01\/hakkimizda-1.jpg\" alt class=\"img-responsive wp-image-1009\" srcset=\"https:\/\/www.2stekstil.com\/wp-content\/uploads\/2021\/01\/hakkimizda-1-200x257.jpg 200w, https:\/\/www.2stekstil.com\/wp-content\/uploads\/2021\/01\/hakkimizda-1-400x514.jpg 400w, https:\/\/www.2stekstil.com\/wp-content\/uploads\/2021\/01\/hakkimizda-1-600x771.jpg 600w, https:\/\/www.2stekstil.com\/wp-content\/uploads\/2021\/01\/hakkimizda-1.jpg 700w\" sizes=\"(max-width: 1024px) 100vw, (max-width: 640px) 100vw, 700px\" \/><\/span><\/div><\/div><\/div><\/div><\/div>\n","protected":false},"excerpt":{"rendered":"","protected":false},"author":1,"featured_media":0,"parent":0,"menu_order":20,"comment_status":"closed","ping_status":"closed","template":"100-width.php","meta":{"footnotes":""},"class_list":["post-1034","page","type-page","status-publish","hentry"],"_links":{"self":[{"href":"https:\/\/www.2stekstil.com\/en\/wp-json\/wp\/v2\/pages\/1034","targetHints":{"allow":["GET"]}}],"collection":[{"href":"https:\/\/www.2stekstil.com\/en\/wp-json\/wp\/v2\/pages"}],"about":[{"href":"https:\/\/www.2stekstil.com\/en\/wp-json\/wp\/v2\/types\/page"}],"author":[{"embeddable":true,"href":"https:\/\/www.2stekstil.com\/en\/wp-json\/wp\/v2\/users\/1"}],"replies":[{"embeddable":true,"href":"https:\/\/www.2stekstil.com\/en\/wp-json\/wp\/v2\/comments?post=1034"}],"version-history":[{"count":3,"href":"https:\/\/www.2stekstil.com\/en\/wp-json\/wp\/v2\/pages\/1034\/revisions"}],"predecessor-version":[{"id":1088,"href":"https:\/\/www.2stekstil.com\/en\/wp-json\/wp\/v2\/pages\/1034\/revisions\/1088"}],"wp:attachment":[{"href":"https:\/\/www.2stekstil.com\/en\/wp-json\/wp\/v2\/media?parent=1034"}],"curies":[{"name":"wp","href":"https:\/\/api.w.org\/{rel}","templated":true}]}}