{"id":1069,"date":"2021-01-23T12:19:58","date_gmt":"2021-01-23T09:19:58","guid":{"rendered":"http:\/\/2stekstil.com\/corporate\/bilgi-toplumu-hizmetleri\/"},"modified":"2021-01-25T00:25:37","modified_gmt":"2021-01-24T21:25:37","slug":"information-society-services","status":"publish","type":"page","link":"https:\/\/www.2stekstil.com\/en\/corporate\/information-society-services\/","title":{"rendered":"Information Society Services"},"content":{"rendered":"<div class=\"fusion-fullwidth fullwidth-box fusion-builder-row-1 fusion-flex-container nonhundred-percent-fullwidth non-hundred-percent-height-scrolling\" style=\"--awb-border-radius-top-left:0px;--awb-border-radius-top-right:0px;--awb-border-radius-bottom-right:0px;--awb-border-radius-bottom-left:0px;--awb-flex-wrap:wrap;\" ><div class=\"fusion-builder-row fusion-row fusion-flex-align-items-flex-start fusion-flex-content-wrap\" style=\"max-width:1352px;margin-left: calc(-4% \/ 2 );margin-right: calc(-4% \/ 2 );\"><div class=\"fusion-layout-column fusion_builder_column fusion-builder-column-0 fusion_builder_column_1_1 1_1 fusion-flex-column\" style=\"--awb-bg-size:cover;--awb-width-large:100%;--awb-margin-top-large:0px;--awb-spacing-right-large:1.92%;--awb-margin-bottom-large:20px;--awb-spacing-left-large:1.92%;--awb-width-medium:100%;--awb-order-medium:0;--awb-spacing-right-medium:1.92%;--awb-spacing-left-medium:1.92%;--awb-width-small:100%;--awb-order-small:0;--awb-spacing-right-small:1.92%;--awb-spacing-left-small:1.92%;\"><div class=\"fusion-column-wrapper fusion-column-has-shadow fusion-flex-justify-content-flex-start fusion-content-layout-column\">\n<div class=\"table-1\">\n<table width=\"100%\">\n<tbody>\n<tr>\n<td align=\"left\">\u00dcNVAN<\/td>\n<td align=\"left\">2S TEKSTIL VE MEDIKAL URUNLERI SANAYI TICARET LIMITED SIRKETI<\/td>\n<\/tr>\n<tr>\n<td align=\"left\">MERS\u0130S NO<\/td>\n<td align=\"left\">0182050308800016<\/td>\n<\/tr>\n<tr>\n<td align=\"left\">FAAL\u0130YET KONUSU <br \/> (NACE KODU )<\/td>\n<td align=\"left\">46.41.03- KUMAS TOPTAN TICARETI (MANIFATURA URUNLERI <br \/> 351119- ELEKTRIK ENERJISI URETIMI<\/td>\n<\/tr>\n<tr>\n<td align=\"left\">MERKEZ ADRES\u0130<\/td>\n<td align=\"left\">MERKEZ MAHALLES\u0130 TATLIPINAR SOKAK NO 5 \/ 5 KA\u011eITHANE \/ \u0130STANBUL<\/td>\n<\/tr>\n<tr>\n<td align=\"left\">MERKEZ TEL<\/td>\n<td align=\"left\">0212 321 18 18 \/ 0539 777 00 71<\/td>\n<\/tr>\n<tr>\n<td align=\"left\">MERKEZ FAX<\/td>\n<td align=\"left\">0212 241 73 73<\/td>\n<\/tr>\n<tr>\n<td align=\"left\">WEB<\/td>\n<td align=\"left\">http:\/\/2stekstil.com<\/td>\n<\/tr>\n<tr>\n<td align=\"left\">T\u0130CARET S\u0130C\u0130L ADI<\/td>\n<td align=\"left\">\u0130STANBUL<\/td>\n<\/tr>\n<tr>\n<td align=\"left\">T\u0130CARET S\u0130C\u0130L NO<\/td>\n<td align=\"left\">25293-5<\/td>\n<\/tr>\n<tr>\n<td align=\"left\">VERG\u0130 DA\u0130RES\u0130<\/td>\n<td align=\"left\">KA\u011eITHANE<\/td>\n<\/tr>\n<tr>\n<td align=\"left\">VERG\u0130 NO<\/td>\n<td align=\"left\">1820503088<\/td>\n<\/tr>\n<tr>\n<td align=\"left\">TAAHH\u00dcT ED\u0130LEN SERMAYE<\/td>\n<td align=\"left\">6.000.000- TL<\/td>\n<\/tr>\n<tr>\n<td align=\"left\">\u00d6DENEN SERMAYE<\/td>\n<td align=\"left\">6.000.000- TL<\/td>\n<\/tr>\n<tr>\n<td align=\"left\">Y\u00d6NET\u0130M KURULU<\/td>\n<td align=\"left\">OSMAN \u00dc\u00c7E\u015e &#8211; \u015e\u0130RKET M\u00dcD\u00dcR\u00dc<\/td>\n<\/tr>\n<tr>\n<td align=\"left\">DENET\u0130M \u015e\u0130RKET B\u0130LG\u0130S\u0130<\/td>\n<td align=\"left\">MEGA GLOBAL SERBEST MUHASEBES\u0130 MAL\u0130 M\u00dc\u015eAV\u0130R LTD.\u015e\u0130T.<\/td>\n<\/tr>\n<tr>\n<td align=\"left\">YERLE\u015e\u0130M YER\u0130\/MERKEZ\u0130<\/td>\n<td align=\"left\">KISIKLI MAHALLES\u0130 HANIMSET\u0130 SOKAK AKTA\u015e V\u0130LLALARI NO 49\/C \u00dcSK\u00dcDAR-\u0130STANBUL<\/td>\n<\/tr>\n<\/tbody>\n<\/table>\n<\/div>\n<\/div><\/div><\/div><\/div>\n","protected":false},"excerpt":{"rendered":"","protected":false},"author":1,"featured_media":0,"parent":1034,"menu_order":50,"comment_status":"closed","ping_status":"closed","template":"100-width.php","meta":{"footnotes":""},"class_list":["post-1069","page","type-page","status-publish","hentry"],"_links":{"self":[{"href":"https:\/\/www.2stekstil.com\/en\/wp-json\/wp\/v2\/pages\/1069","targetHints":{"allow":["GET"]}}],"collection":[{"href":"https:\/\/www.2stekstil.com\/en\/wp-json\/wp\/v2\/pages"}],"about":[{"href":"https:\/\/www.2stekstil.com\/en\/wp-json\/wp\/v2\/types\/page"}],"author":[{"embeddable":true,"href":"https:\/\/www.2stekstil.com\/en\/wp-json\/wp\/v2\/users\/1"}],"replies":[{"embeddable":true,"href":"https:\/\/www.2stekstil.com\/en\/wp-json\/wp\/v2\/comments?post=1069"}],"version-history":[{"count":2,"href":"https:\/\/www.2stekstil.com\/en\/wp-json\/wp\/v2\/pages\/1069\/revisions"}],"predecessor-version":[{"id":1071,"href":"https:\/\/www.2stekstil.com\/en\/wp-json\/wp\/v2\/pages\/1069\/revisions\/1071"}],"up":[{"embeddable":true,"href":"https:\/\/www.2stekstil.com\/en\/wp-json\/wp\/v2\/pages\/1034"}],"wp:attachment":[{"href":"https:\/\/www.2stekstil.com\/en\/wp-json\/wp\/v2\/media?parent=1069"}],"curies":[{"name":"wp","href":"https:\/\/api.w.org\/{rel}","templated":true}]}}