{"id":1077,"date":"2021-01-22T13:29:33","date_gmt":"2021-01-22T10:29:33","guid":{"rendered":"http:\/\/2stekstil.com\/corporate\/privacy-policy\/kvkk-basvuru-metni\/"},"modified":"2021-01-25T00:54:07","modified_gmt":"2021-01-24T21:54:07","slug":"pdpl-application-form","status":"publish","type":"page","link":"https:\/\/www.2stekstil.com\/en\/corporate\/privacy-policy\/pdpl-application-form\/","title":{"rendered":"PDPL Application Form"},"content":{"rendered":"<div class=\"fusion-fullwidth fullwidth-box fusion-builder-row-1 fusion-flex-container nonhundred-percent-fullwidth non-hundred-percent-height-scrolling\" style=\"--awb-border-radius-top-left:0px;--awb-border-radius-top-right:0px;--awb-border-radius-bottom-right:0px;--awb-border-radius-bottom-left:0px;--awb-flex-wrap:wrap;\" ><div class=\"fusion-builder-row fusion-row fusion-flex-align-items-flex-start fusion-flex-content-wrap\" style=\"max-width:1352px;margin-left: calc(-4% \/ 2 );margin-right: calc(-4% \/ 2 );\"><div class=\"fusion-layout-column fusion_builder_column fusion-builder-column-0 fusion_builder_column_1_1 1_1 fusion-flex-column\" style=\"--awb-bg-size:cover;--awb-width-large:100%;--awb-margin-top-large:0px;--awb-spacing-right-large:1.92%;--awb-margin-bottom-large:20px;--awb-spacing-left-large:1.92%;--awb-width-medium:100%;--awb-order-medium:0;--awb-spacing-right-medium:1.92%;--awb-spacing-left-medium:1.92%;--awb-width-small:100%;--awb-order-small:0;--awb-spacing-right-small:1.92%;--awb-spacing-left-small:1.92%;\"><div class=\"fusion-column-wrapper fusion-column-has-shadow fusion-flex-justify-content-flex-start fusion-content-layout-column\"><div class=\"fusion-text fusion-text-1\"><p><strong>2S TEKST\u0130L VE MED\u0130KAL SANAY\u0130 VE T\u0130CARET L\u0130M\u0130TED \u015e\u0130RKET\u0130<\/strong><\/p>\n<p><strong>BA\u015eVURU FORMU<\/strong><\/p>\n<p><strong><u>GENEL A\u00c7IKLAMALAR<\/u><\/strong><\/p>\n<p>6698 Say\u0131l\u0131 Ki\u015fisel Verilerin Korunmas\u0131 Kanunu\u2019nda (\u201cKVK Kanunu\u201d) ilgili ki\u015fi olarak tan\u0131mlanan ki\u015fisel veri sahiplerine (\u201cBundan sonra \u201cBa\u015fvuru Sahibi\u201d olarak an\u0131lacakt\u0131r), KVK Kanunu\u2019un 11\u2019inci maddesinde ki\u015fisel verilerinin i\u015flenmesine ili\u015fkin birtak\u0131m taleplerde bulunma hakk\u0131 tan\u0131nm\u0131\u015ft\u0131r.<\/p>\n<p>KVK Kanunu\u2019nun 13\u2019\u00fcnc\u00fc maddesinin birinci f\u0131kras\u0131 uyar\u0131nca; veri sorumlusu olan \u015eirketimize bu haklara ili\u015fkin olarak yap\u0131lacak ba\u015fvurular\u0131n yaz\u0131l\u0131 olarak veya Ki\u015fisel Verilerin Korunmas\u0131 Kurulu (\u201cKurul\u201d) taraf\u0131ndan belirlenen di\u011fer y\u00f6ntemlerle taraf\u0131m\u0131za iletilmesi gerekmektedir.<\/p>\n<p>Bu \u00e7er\u00e7evede \u201cyaz\u0131l\u0131\u201d olarak \u015eirketimize yap\u0131lacak ba\u015fvurular, i\u015fbu formun \u00e7\u0131kt\u0131s\u0131 al\u0131narak;<\/p>\n<ul>\n<li>Ba\u015fvuru Sahibi\u2019nin \u015fahsen ba\u015fvurusu ile,<\/li>\n<\/ul>\n<ul>\n<li>Noter vas\u0131tas\u0131yla,<\/li>\n<\/ul>\n<ul>\n<li>Ba\u015fvuru Sahibi\u2019nce 5070 Say\u0131l\u0131 Elektronik \u0130mza Kanununda tan\u0131ml\u0131 olan \u201cg\u00fcvenli elektronik imza\u201d ile imzalanarak \u015eirket kay\u0131tl\u0131 elektronik posta adresine g\u00f6nderilmek suretiyle,<\/li>\n<\/ul>\n<p>taraf\u0131m\u0131za iletilebilecektir.<\/p>\n<p>A\u015fa\u011f\u0131da, yaz\u0131l\u0131 ba\u015fvurular\u0131n ne \u015fekilde taraf\u0131m\u0131za ula\u015ft\u0131r\u0131laca\u011f\u0131na ili\u015fkin yaz\u0131l\u0131 ba\u015fvuru kanallar\u0131<\/p>\n<p>\u00f6zelinde bilgiler verilmektedir.<\/p>\n<table>\n<tbody>\n<tr>\n<td colspan=\"3\" width=\"203\"><strong>Ba\u015fvuru Y\u00f6ntemi<\/strong><\/td>\n<td width=\"7\"><\/td>\n<td colspan=\"6\" width=\"195\"><strong>Ba\u015fvurunun Yap\u0131laca\u011f\u0131 Adres<\/strong><\/td>\n<td colspan=\"4\" width=\"201\"><strong>Ba\u015fvuru G\u00f6nderiminde<\/strong><\/td>\n<\/tr>\n<tr>\n<td width=\"64\"><\/td>\n<td width=\"67\"><\/td>\n<td width=\"72\"><\/td>\n<td width=\"7\"><\/td>\n<td colspan=\"2\" width=\"83\"><\/td>\n<td width=\"27\"><\/td>\n<td width=\"20\"><\/td>\n<td width=\"37\"><\/td>\n<td width=\"27\"><\/td>\n<td colspan=\"4\" width=\"201\"><strong>Belirtilecek Bilgi<\/strong><\/td>\n<\/tr>\n<tr>\n<td width=\"64\"><\/td>\n<td width=\"67\"><\/td>\n<td width=\"72\"><\/td>\n<td width=\"7\"><\/td>\n<td colspan=\"2\" width=\"83\"><\/td>\n<td width=\"27\"><\/td>\n<td width=\"20\"><\/td>\n<td width=\"37\"><\/td>\n<td width=\"27\"><\/td>\n<td colspan=\"4\" width=\"201\"><\/td>\n<\/tr>\n<tr>\n<td width=\"64\">\u015eahsen<\/td>\n<td width=\"67\">Ba\u015fvuru<\/td>\n<td width=\"72\">(Ba\u015fvuru<\/td>\n<td width=\"7\"><\/td>\n<td colspan=\"2\" width=\"83\">Merkez Mah. Tatl\u0131 P\u0131nar Sk. No:5\/5 Ka\u011f\u0131thane \/ \u0130stanbul<\/td>\n<td width=\"27\"><\/td>\n<td width=\"20\"><\/td>\n<td colspan=\"2\" width=\"64\"><\/td>\n<td colspan=\"4\" width=\"201\">Zarf\u0131n \u00fczerine \u201cKi\u015fisel Verilerin<\/td>\n<\/tr>\n<tr>\n<td width=\"64\">sahibinin<\/td>\n<td width=\"67\">bizzat<\/td>\n<td width=\"72\">gelerek<\/td>\n<td width=\"7\"><\/td>\n<td colspan=\"3\" width=\"111\">\u015ei\u015fli, \u0130stanbul<\/td>\n<td colspan=\"3\" width=\"84\"><\/td>\n<td colspan=\"4\" width=\"201\">Korunmas\u0131 Kanunu Kapsam\u0131nda<\/td>\n<\/tr>\n<tr>\n<td colspan=\"3\" width=\"203\">kimli\u011fini tevsik edici belge ile<\/td>\n<td width=\"7\"><\/td>\n<td colspan=\"2\" width=\"83\"><\/td>\n<td colspan=\"2\" width=\"47\"><\/td>\n<td colspan=\"2\" width=\"64\"><\/td>\n<td colspan=\"4\" width=\"201\">Bilgi Talebi\u201d yaz\u0131lacakt\u0131r.<\/td>\n<\/tr>\n<tr>\n<td colspan=\"2\" width=\"131\">ba\u015fvurmas\u0131)<\/td>\n<td width=\"72\"><\/td>\n<td width=\"7\"><\/td>\n<td colspan=\"2\" width=\"83\"><\/td>\n<td width=\"27\"><\/td>\n<td width=\"20\"><\/td>\n<td width=\"37\"><\/td>\n<td width=\"27\"><\/td>\n<td width=\"60\"><\/td>\n<td width=\"20\"><\/td>\n<td width=\"61\"><\/td>\n<td width=\"60\"><\/td>\n<\/tr>\n<tr>\n<td colspan=\"3\" width=\"203\"><\/td>\n<td width=\"7\"><\/td>\n<td colspan=\"2\" width=\"83\"><\/td>\n<td width=\"27\"><\/td>\n<td width=\"20\"><\/td>\n<td width=\"37\"><\/td>\n<td width=\"27\"><\/td>\n<td width=\"60\"><\/td>\n<td width=\"20\"><\/td>\n<td width=\"61\"><\/td>\n<td width=\"60\"><\/td>\n<\/tr>\n<tr>\n<td colspan=\"3\" width=\"203\">Noter vas\u0131tas\u0131yla tebligat<\/td>\n<td width=\"7\"><\/td>\n<td colspan=\"2\" width=\"83\">HalaskargaziMah.<\/td>\n<td width=\"27\"><\/td>\n<td width=\"20\"><\/td>\n<td colspan=\"2\" width=\"64\"><\/td>\n<td width=\"60\">Tebligat<\/td>\n<td width=\"20\"><\/td>\n<td width=\"61\">zarf\u0131na<\/td>\n<td width=\"60\">\u201cKi\u015fisel<\/td>\n<\/tr>\n<tr>\n<td width=\"64\"><\/td>\n<td width=\"67\"><\/td>\n<td width=\"72\"><\/td>\n<td width=\"7\"><\/td>\n<td colspan=\"3\" width=\"111\">\u00a0Merkez Mah. Tatl\u0131 P\u0131nar Sk.<\/td>\n<td colspan=\"3\" width=\"84\">No:5\/5 Ka\u011f\u0131thane \/ \u0130stanbul<\/td>\n<td width=\"60\">Verilerin<\/td>\n<td colspan=\"2\" width=\"81\">Korunmas\u0131<\/td>\n<td width=\"60\">Kanunu<\/td>\n<\/tr>\n<tr>\n<td width=\"64\"><\/td>\n<td width=\"67\"><\/td>\n<td width=\"72\"><\/td>\n<td width=\"7\"><\/td>\n<td width=\"65\">Ka\u011f\u0131thane \/ \u0130stanbul<\/td>\n<td colspan=\"3\" width=\"65\"><\/td>\n<td colspan=\"2\" width=\"64\"><\/td>\n<td colspan=\"2\" width=\"80\">Kapsam\u0131nda<\/td>\n<td width=\"61\">Bilgi<\/td>\n<td width=\"60\">Talebi\u201d<\/td>\n<\/tr>\n<tr>\n<td width=\"64\"><\/td>\n<td width=\"67\"><\/td>\n<td width=\"72\"><\/td>\n<td width=\"7\"><\/td>\n<td width=\"65\"><\/td>\n<td colspan=\"2\" width=\"45\"><\/td>\n<td width=\"20\"><\/td>\n<td width=\"37\"><\/td>\n<td width=\"27\"><\/td>\n<td colspan=\"2\" width=\"80\">yaz\u0131lacakt\u0131r<\/td>\n<td width=\"61\"><\/td>\n<td width=\"60\"><\/td>\n<\/tr>\n<tr>\n<td width=\"64\"><\/td>\n<td width=\"67\"><\/td>\n<td width=\"72\"><\/td>\n<td width=\"7\"><\/td>\n<td colspan=\"6\" width=\"195\"><\/td>\n<td colspan=\"2\" width=\"80\"><\/td>\n<td width=\"61\"><\/td>\n<td width=\"60\"><\/td>\n<\/tr>\n<tr>\n<td width=\"64\">\u201cG\u00fcvenli<\/td>\n<td width=\"67\">elektronik<\/td>\n<td width=\"72\">imza\u201d ile<\/td>\n<td width=\"7\"><\/td>\n<td colspan=\"6\" width=\"195\"><a href=\"mailto:kvkk@2stekstil.com\">kvkk@2stekstil.com<\/a><\/td>\n<td colspan=\"2\" width=\"80\">E-posta\u2019n\u0131n<\/td>\n<td width=\"61\">konu<\/td>\n<td width=\"60\">k\u0131sm\u0131na<\/td>\n<\/tr>\n<tr>\n<td colspan=\"2\" width=\"131\">imzalanarak\u00a0 Kay\u0131tl\u0131<\/td>\n<td width=\"72\">Elektronik<\/td>\n<td width=\"7\"><\/td>\n<td width=\"65\"><\/td>\n<td colspan=\"2\" width=\"45\"><\/td>\n<td width=\"20\"><\/td>\n<td width=\"37\"><\/td>\n<td width=\"27\"><\/td>\n<td width=\"60\">\u201cKi\u015fisel<\/td>\n<td colspan=\"3\" width=\"141\">Verilerin\u00a0 Korunmas\u0131<\/td>\n<\/tr>\n<tr>\n<td colspan=\"2\" width=\"131\">Posta (KEP) Yoluyla<\/td>\n<td width=\"72\"><\/td>\n<td width=\"7\"><\/td>\n<td width=\"65\"><\/td>\n<td colspan=\"2\" width=\"45\"><\/td>\n<td width=\"20\"><\/td>\n<td width=\"37\"><\/td>\n<td width=\"27\"><\/td>\n<td width=\"60\">Kanunu<\/td>\n<td width=\"20\"><\/td>\n<td width=\"61\">Bilgi<\/td>\n<td width=\"60\">Talebi\u201d<\/td>\n<\/tr>\n<tr>\n<td width=\"64\"><\/td>\n<td width=\"67\"><\/td>\n<td width=\"72\"><\/td>\n<td width=\"7\"><\/td>\n<td width=\"65\"><\/td>\n<td colspan=\"2\" width=\"45\"><\/td>\n<td width=\"20\"><\/td>\n<td width=\"37\"><\/td>\n<td width=\"27\"><\/td>\n<td width=\"60\">yaz\u0131lmal\u0131<\/td>\n<td width=\"20\"><\/td>\n<td width=\"61\"><\/td>\n<td width=\"60\"><\/td>\n<\/tr>\n<tr>\n<td width=\"48\"><\/td>\n<td width=\"50\"><\/td>\n<td width=\"54\"><\/td>\n<td width=\"5\"><\/td>\n<td width=\"68\"><\/td>\n<td width=\"14\"><\/td>\n<td width=\"20\"><\/td>\n<td width=\"15\"><\/td>\n<td width=\"28\"><\/td>\n<td width=\"20\"><\/td>\n<td width=\"45\"><\/td>\n<td width=\"15\"><\/td>\n<td width=\"46\"><\/td>\n<td width=\"45\"><\/td>\n<\/tr>\n<\/tbody>\n<\/table>\n<p>Ayr\u0131ca, Kurul\u2019un belirleyece\u011fi di\u011fer y\u00f6ntemler duyurulduktan sonra bu y\u00f6ntemler \u00fczerinden de ba\u015fvurular\u0131n ne \u015fekilde al\u0131naca\u011f\u0131 \u015eirketimizce duyurulacakt\u0131r. Taraf\u0131m\u0131za iletilmi\u015f olan ba\u015fvurular\u0131n\u0131z KVK Kanunu\u2019nun 13\u2019\u00fcnc\u00fc maddesinin 2\u2019inci f\u0131kras\u0131 gere\u011fince, talebin niteli\u011fine g\u00f6re talebinizin <u>bizlere<\/u> <u>ula\u015ft\u0131\u011f\u0131 tarihten itibaren<\/u> otuz g\u00fcn i\u00e7inde yan\u0131tland\u0131r\u0131lacakt\u0131r. Yan\u0131tlar\u0131m\u0131z ilgili KVK Kanunu\u2019nun 13\u2019\u00fcnc\u00fc maddesi h\u00fckm\u00fc gere\u011fince yaz\u0131l\u0131 veya elektronik ortamdan taraf\u0131n\u0131za ula\u015ft\u0131r\u0131lacakt\u0131r.<\/p>\n<ol>\n<li><strong> Ba\u015fvuru Sahibi ileti\u015fim bilgileri:<\/strong><\/li>\n<\/ol>\n<p><strong>\u0130sim<\/strong><\/p>\n<p><strong>Soy isim<\/strong><\/p>\n<p><strong>TC Kimlik Numaras\u0131<\/strong><\/p>\n<p><strong>Telefon Numaras\u0131<\/strong><\/p>\n<p><strong>E \u2013 posta<\/strong><\/p>\n<p><em>(Belirtmeniz\u00a0\u00a0\u00a0 halinde<\/em><\/p>\n<p><em>size\u00a0 daha\u00a0 h\u0131zl\u0131\u00a0 yan\u0131t<\/em><\/p>\n<p><em>verebilece\u011fiz.)<\/em><\/p>\n<p><strong>Adres<\/strong><\/p>\n<ol>\n<li><strong>L\u00fctfen \u015eirketimiz ile olan ili\u015fkinizi belirtiniz. <\/strong>(M\u00fc\u015fteri, i\u015f orta\u011f\u0131, \u00e7al\u0131\u015fan aday\u0131, eski \u00e7al\u0131\u015fan, \u00fc\u00e7\u00fcnc\u00fc taraf firma \u00e7al\u0131\u015fan\u0131, hissedar gibi)<\/li>\n<\/ol>\n<p>\u2610\u0130\u015f orta\u011f\u0131<\/p>\n<p>\u2610M\u00fc\u015fteri<\/p>\n<p>\u2610Di\u011fer: \u2026\u2026\u2026\u2026\u2026\u2026\u2026\u2026\u2026\u2026\u2026\u2026\u2026\u2026\u2026\u2026\u2026\u2026\u2026\u2026..<\/p>\n<p>\u2610Ziyaret\u00e7i<\/p>\n<p>\u015eirketimiz i\u00e7erisinde ileti\u015fimde oldu\u011funuz Birim:\u2026\u2026\u2026\u2026\u2026\u2026\u2026.\u2026\u2026\u2026\u2026\u2026\u2026\u2026\u2026\u2026\u2026\u2026\u2026\u2026\u2026\u2026\u2026\u2026\u2026\u2026\u2026\u2026\u2026<\/p>\n<p>Konu:\u2026\u2026\u2026\u2026\u2026\u2026\u2026\u2026\u2026\u2026\u2026\u2026\u2026\u2026..\u2026\u2026\u2026\u2026\u2026\u2026\u2026\u2026\u2026\u2026\u2026\u2026\u2026\u2026.\u2026\u2026\u2026\u2026\u2026&#8230;\u2026\u2026\u2026\u2026\u2026\u2026\u2026\u2026\u2026\u2026\u2026\u2026\u2026\u2026\u2026\u2026\u2026<\/p>\n<table>\n<tbody>\n<tr>\n<td width=\"132\">\u2610Eski \u00c7al\u0131\u015fan\u0131m<\/td>\n<td width=\"69\"><\/td>\n<td width=\"61\"><\/td>\n<td width=\"319\">\u2610\u0130\u015f Ba\u015fvurusu \/ \u00d6zge\u00e7mi\u015f Payla\u015f\u0131m\u0131 Yapt\u0131m<\/td>\n<\/tr>\n<tr>\n<td width=\"132\">\u00c7al\u0131\u015ft\u0131\u011f\u0131m<\/td>\n<td width=\"69\">Y\u0131llar<\/td>\n<td width=\"61\">:<\/td>\n<td width=\"319\">Tarih : \u2026\u2026\u2026\u2026\u2026\u2026\u2026\u2026\u2026\u2026\u2026\u2026\u2026\u2026\u2026\u2026\u2026\u2026\u2026\u2026\u2026\u2026\u2026\u2026\u2026..<\/td>\n<\/tr>\n<tr>\n<td colspan=\"2\" width=\"201\">\u2026\u2026\u2026\u2026\u2026\u2026\u2026\u2026\u2026\u2026\u2026\u2026\u2026\u2026\u2026\u2026.<\/td>\n<td width=\"61\"><\/td>\n<td width=\"319\">\u2610\u00dc\u00e7\u00fcnc\u00fc Ki\u015fi Firma \u00c7al\u0131\u015fan\u0131y\u0131m<\/td>\n<\/tr>\n<tr>\n<td width=\"132\">\u2610<\/td>\n<td width=\"69\"><\/td>\n<td width=\"61\">Di\u011fer:<\/td>\n<td width=\"319\">L\u00fctfen\u00a0 \u00e7al\u0131\u015ft\u0131\u011f\u0131n\u0131z\u00a0 firma\u00a0 ve\u00a0 pozisyon\u00a0 bilgisini<\/td>\n<\/tr>\n<tr>\n<td colspan=\"3\" width=\"263\">\u2026\u2026\u2026\u2026\u2026\u2026\u2026\u2026\u2026\u2026\u2026\u2026\u2026\u2026\u2026\u2026\u2026\u2026\u2026\u2026..<\/td>\n<td width=\"319\">Belirtiniz<\/td>\n<\/tr>\n<tr>\n<td width=\"132\"><\/td>\n<td width=\"69\"><\/td>\n<td width=\"61\"><\/td>\n<td width=\"319\">\u2026\u2026\u2026\u2026\u2026\u2026\u2026\u2026\u2026\u2026\u2026\u2026\u2026\u2026\u2026\u2026\u2026\u2026\u2026\u2026\u2026\u2026\u2026\u2026\u2026\u2026\u2026\u2026\u2026\u2026<\/td>\n<\/tr>\n<tr>\n<td width=\"132\"><\/td>\n<td width=\"69\"><\/td>\n<td width=\"61\"><\/td>\n<td width=\"319\"><\/td>\n<\/tr>\n<tr>\n<td width=\"132\"><strong>C.\u00a0\u00a0 L\u00fctfen\u00a0\u00a0 KVK<\/strong><\/td>\n<td width=\"69\"><strong>Kanunu<\/strong><\/td>\n<td colspan=\"2\" width=\"380\"><strong>kapsam\u0131ndaki\u00a0\u00a0 talebinizi\u00a0\u00a0 detayl\u0131\u00a0\u00a0 olarak\u00a0\u00a0 belirtiniz:<\/strong><\/td>\n<\/tr>\n<\/tbody>\n<\/table>\n<p>\u2026\u2026\u2026\u2026\u2026\u2026\u2026..\u2026\u2026\u2026\u2026\u2026.\u2026\u2026\u2026\u2026\u2026\u2026\u2026\u2026\u2026\u2026\u2026\u2026.\u2026\u2026\u2026\u2026\u2026\u2026\u2026\u2026\u2026\u2026\u2026\u2026.\u2026\u2026\u2026\u2026\u2026\u2026\u2026\u2026\u2026\u2026\u2026\u2026\u2026\u2026\u2026\u2026\u2026\u2026\u2026<\/p>\n<p>\u2026\u2026\u2026\u2026\u2026\u2026\u2026\u2026\u2026\u2026\u2026\u2026\u2026\u2026\u2026\u2026\u2026\u2026\u2026\u2026\u2026\u2026\u2026\u2026\u2026\u2026\u2026\u2026\u2026\u2026\u2026\u2026\u2026\u2026\u2026\u2026\u2026\u2026\u2026\u2026\u2026\u2026\u2026\u2026\u2026\u2026\u2026\u2026\u2026\u2026\u2026\u2026\u2026\u2026\u2026\u2026\u2026<\/p>\n<p>\u2026\u2026\u2026\u2026\u2026\u2026\u2026\u2026\u2026\u2026\u2026\u2026\u2026\u2026\u2026\u2026\u2026\u2026\u2026\u2026\u2026\u2026\u2026\u2026\u2026\u2026\u2026\u2026\u2026\u2026\u2026\u2026\u2026\u2026\u2026\u2026\u2026\u2026\u2026\u2026\u2026\u2026\u2026\u2026\u2026\u2026\u2026\u2026\u2026\u2026\u2026\u2026\u2026\u2026\u2026\u2026\u2026<\/p>\n<p>\u2026\u2026\u2026\u2026\u2026\u2026\u2026\u2026\u2026\u2026\u2026\u2026\u2026\u2026\u2026\u2026\u2026\u2026\u2026\u2026\u2026\u2026\u2026\u2026\u2026\u2026\u2026\u2026\u2026\u2026\u2026\u2026\u2026\u2026\u2026\u2026\u2026\u2026\u2026\u2026\u2026\u2026\u2026\u2026\u2026\u2026\u2026\u2026\u2026\u2026\u2026\u2026\u2026\u2026\u2026\u2026\u2026<\/p>\n<p>\u2026\u2026\u2026\u2026\u2026\u2026\u2026\u2026\u2026\u2026\u2026\u2026\u2026\u2026\u2026\u2026\u2026\u2026\u2026\u2026\u2026\u2026\u2026\u2026\u2026\u2026\u2026\u2026\u2026\u2026\u2026\u2026\u2026\u2026\u2026\u2026\u2026\u2026\u2026\u2026\u2026\u2026\u2026\u2026\u2026\u2026\u2026\u2026\u2026\u2026\u2026\u2026\u2026\u2026\u2026\u2026\u2026<\/p>\n<p>\u2026\u2026\u2026\u2026\u2026\u2026\u2026\u2026\u2026\u2026\u2026\u2026\u2026\u2026\u2026\u2026\u2026\u2026\u2026\u2026\u2026\u2026\u2026\u2026\u2026\u2026\u2026\u2026\u2026\u2026\u2026\u2026\u2026\u2026\u2026\u2026\u2026\u2026\u2026\u2026\u2026\u2026\u2026\u2026\u2026\u2026\u2026\u2026\u2026\u2026\u2026\u2026\u2026\u2026\u2026\u2026\u2026<\/p>\n<p>\u2026\u2026\u2026\u2026\u2026\u2026\u2026\u2026\u2026\u2026\u2026\u2026\u2026\u2026\u2026\u2026\u2026\u2026\u2026\u2026\u2026\u2026\u2026\u2026\u2026\u2026\u2026\u2026\u2026\u2026\u2026\u2026\u2026\u2026\u2026\u2026\u2026\u2026\u2026\u2026\u2026\u2026\u2026\u2026\u2026\u2026\u2026\u2026\u2026\u2026\u2026\u2026\u2026\u2026\u2026\u2026\u2026<\/p>\n<p>\u2026\u2026\u2026\u2026\u2026\u2026\u2026\u2026\u2026\u2026\u2026\u2026\u2026\u2026\u2026\u2026\u2026\u2026\u2026\u2026\u2026\u2026\u2026\u2026\u2026\u2026\u2026\u2026\u2026\u2026\u2026\u2026\u2026\u2026\u2026\u2026\u2026\u2026\u2026\u2026\u2026\u2026\u2026\u2026\u2026\u2026\u2026\u2026\u2026\u2026\u2026\u2026\u2026\u2026\u2026\u2026\u2026<\/p>\n<p>\u2026\u2026\u2026\u2026\u2026\u2026\u2026\u2026\u2026\u2026\u2026\u2026\u2026\u2026\u2026\u2026\u2026\u2026\u2026\u2026\u2026\u2026\u2026\u2026\u2026\u2026\u2026\u2026\u2026\u2026\u2026\u2026\u2026\u2026\u2026\u2026\u2026\u2026\u2026\u2026\u2026\u2026\u2026\u2026\u2026\u2026\u2026\u2026\u2026\u2026\u2026\u2026\u2026\u2026\u2026\u2026\u2026<\/p>\n<p>\u2026\u2026\u2026\u2026\u2026\u2026\u2026..\u2026\u2026\u2026\u2026\u2026.\u2026\u2026\u2026\u2026\u2026\u2026\u2026\u2026\u2026\u2026\u2026\u2026.\u2026\u2026\u2026\u2026\u2026\u2026\u2026\u2026\u2026\u2026\u2026\u2026.\u2026\u2026\u2026\u2026\u2026\u2026\u2026\u2026\u2026\u2026\u2026\u2026\u2026\u2026\u2026\u2026\u2026\u2026\u2026<\/p>\n<p>\u2026\u2026\u2026\u2026\u2026\u2026\u2026\u2026\u2026\u2026\u2026\u2026\u2026\u2026\u2026\u2026\u2026\u2026\u2026\u2026\u2026\u2026\u2026\u2026\u2026\u2026\u2026\u2026\u2026\u2026\u2026\u2026\u2026\u2026\u2026\u2026\u2026\u2026\u2026\u2026\u2026\u2026\u2026\u2026\u2026\u2026\u2026\u2026\u2026\u2026\u2026\u2026\u2026\u2026\u2026\u2026\u2026<\/p>\n<p>\u2026\u2026\u2026\u2026\u2026\u2026\u2026\u2026\u2026\u2026\u2026\u2026\u2026\u2026\u2026\u2026\u2026\u2026\u2026\u2026\u2026\u2026\u2026\u2026\u2026\u2026\u2026\u2026\u2026\u2026\u2026\u2026\u2026\u2026\u2026\u2026\u2026\u2026\u2026\u2026\u2026\u2026\u2026\u2026\u2026\u2026\u2026\u2026\u2026\u2026\u2026\u2026\u2026\u2026\u2026\u2026\u2026<\/p>\n<p>\u2026\u2026\u2026\u2026\u2026\u2026\u2026\u2026\u2026\u2026\u2026\u2026\u2026\u2026\u2026\u2026\u2026\u2026\u2026\u2026\u2026\u2026\u2026\u2026\u2026\u2026\u2026\u2026\u2026\u2026\u2026\u2026\u2026\u2026\u2026\u2026\u2026\u2026\u2026\u2026\u2026\u2026\u2026\u2026\u2026\u2026\u2026\u2026\u2026\u2026\u2026\u2026\u2026\u2026\u2026\u2026\u2026<\/p>\n<p>\u2026\u2026\u2026\u2026\u2026\u2026\u2026\u2026\u2026\u2026\u2026\u2026\u2026\u2026\u2026\u2026\u2026\u2026\u2026\u2026\u2026\u2026\u2026\u2026\u2026\u2026\u2026\u2026\u2026\u2026\u2026\u2026\u2026\u2026\u2026\u2026\u2026\u2026\u2026\u2026\u2026\u2026\u2026\u2026\u2026\u2026\u2026\u2026\u2026\u2026\u2026\u2026\u2026\u2026\u2026\u2026\u2026<\/p>\n<p>\u2026\u2026\u2026\u2026\u2026\u2026\u2026\u2026\u2026\u2026\u2026\u2026\u2026\u2026\u2026\u2026\u2026\u2026\u2026\u2026\u2026\u2026\u2026\u2026\u2026\u2026\u2026\u2026\u2026\u2026\u2026\u2026\u2026\u2026\u2026\u2026\u2026\u2026\u2026\u2026\u2026\u2026\u2026\u2026\u2026\u2026\u2026\u2026\u2026\u2026\u2026\u2026\u2026\u2026\u2026\u2026\u2026<\/p>\n<p>\u2026\u2026\u2026\u2026\u2026\u2026\u2026\u2026\u2026\u2026\u2026\u2026\u2026\u2026\u2026\u2026\u2026\u2026\u2026\u2026\u2026\u2026\u2026\u2026\u2026\u2026\u2026\u2026\u2026\u2026\u2026\u2026\u2026\u2026\u2026\u2026\u2026\u2026\u2026\u2026\u2026\u2026\u2026\u2026\u2026\u2026\u2026\u2026\u2026\u2026\u2026\u2026\u2026\u2026\u2026\u2026\u2026<\/p>\n<ol>\n<li>L\u00fctfen ba\u015fvurunuza verece\u011fimiz yan\u0131t\u0131n taraf\u0131n\u0131za bildirilme y\u00f6ntemini se\u00e7iniz:<\/li>\n<\/ol>\n<p><strong>\u00a0<\/strong><\/p>\n<p>Adresime g\u00f6nderilmesini istiyorum.<\/p>\n<p>E-posta adresime g\u00f6nderilmesini istiyorum.<\/p>\n<p>(E-posta y\u00f6ntemini se\u00e7meniz h\u00e2linde size daha h\u0131zl\u0131 yan\u0131t verebilece\u011fiz.)<\/p>\n<p>Elden teslim almak istiyorum.<\/p>\n<p>(Vek\u00e2leten teslim al\u0131nmas\u0131 durumunda noter tasdikli vek\u00e2letname veya yetki belgesi olmas\u0131 gerekmektedir.)<\/p>\n<p>\u0130\u015fbu ba\u015fvuru formu, \u015eirketimiz ile olan ili\u015fkinizi tespit ederek, varsa, \u015eirketimiz taraf\u0131ndan i\u015flenen ki\u015fisel verilerinizi eksiksiz olarak belirleyerek, ilgili ba\u015fvurunuza do\u011fru ve kanuni s\u00fcresinde cevap verilebilmesi i\u00e7in tanzim edilmi\u015ftir. Hukuka ayk\u0131r\u0131 ve haks\u0131z bir \u015fekilde veri payla\u015f\u0131m\u0131ndan kaynaklanabilecek hukuki risklerin bertaraf edilmesi ve \u00f6zellikle ki\u015fisel verilerinizin g\u00fcvenli\u011finin sa\u011flanmas\u0131 amac\u0131yla, kimlik ve yetki tespiti i\u00e7in \u015eirketimiz ek evrak ve malumat (N\u00fcfus c\u00fczdan\u0131 veya s\u00fcr\u00fcc\u00fc belgesi sureti vb.) talep etme hakk\u0131n\u0131 sakl\u0131 tutar. Form kapsam\u0131nda iletmekte oldu\u011funuz taleplerinize ili\u015fkin bilgilerin do\u011fru ve g\u00fcncel olmamas\u0131 ya da yetkisiz bir ba\u015fvuru yap\u0131lmas\u0131 halinde<\/p>\n<p>\u015eirketimiz, s\u00f6z konusu yanl\u0131\u015f bilgi ya da yetkisiz ba\u015fvuru kaynakl\u0131 taleplerden dolay\u0131 mesuliyet kabul etmemektedir.<\/p>\n<p>Ba\u015fvuru Sahibi (Ki\u015fisel Veri Sahibi)<\/p>\n<p>Ad\u0131 Soyad\u0131 :<\/p>\n<p>Ba\u015fvuru Tarihi :<\/p>\n<p>\u0130mza :<\/p>\n<\/div><\/div><\/div><\/div><\/div>\n","protected":false},"excerpt":{"rendered":"","protected":false},"author":1,"featured_media":0,"parent":1046,"menu_order":20,"comment_status":"closed","ping_status":"closed","template":"100-width.php","meta":{"footnotes":""},"class_list":["post-1077","page","type-page","status-publish","hentry"],"_links":{"self":[{"href":"https:\/\/www.2stekstil.com\/en\/wp-json\/wp\/v2\/pages\/1077","targetHints":{"allow":["GET"]}}],"collection":[{"href":"https:\/\/www.2stekstil.com\/en\/wp-json\/wp\/v2\/pages"}],"about":[{"href":"https:\/\/www.2stekstil.com\/en\/wp-json\/wp\/v2\/types\/page"}],"author":[{"embeddable":true,"href":"https:\/\/www.2stekstil.com\/en\/wp-json\/wp\/v2\/users\/1"}],"replies":[{"embeddable":true,"href":"https:\/\/www.2stekstil.com\/en\/wp-json\/wp\/v2\/comments?post=1077"}],"version-history":[{"count":2,"href":"https:\/\/www.2stekstil.com\/en\/wp-json\/wp\/v2\/pages\/1077\/revisions"}],"predecessor-version":[{"id":1079,"href":"https:\/\/www.2stekstil.com\/en\/wp-json\/wp\/v2\/pages\/1077\/revisions\/1079"}],"up":[{"embeddable":true,"href":"https:\/\/www.2stekstil.com\/en\/wp-json\/wp\/v2\/pages\/1046"}],"wp:attachment":[{"href":"https:\/\/www.2stekstil.com\/en\/wp-json\/wp\/v2\/media?parent=1077"}],"curies":[{"name":"wp","href":"https:\/\/api.w.org\/{rel}","templated":true}]}}